{"id":253,"date":"2020-04-25T15:40:00","date_gmt":"2020-04-25T15:40:00","guid":{"rendered":"https:\/\/www.merffrental.ee\/?page_id=253"},"modified":"2026-03-20T10:05:15","modified_gmt":"2026-03-20T10:05:15","slug":"kipsitood","status":"publish","type":"page","link":"https:\/\/merffrental.ee\/fi\/kipsitood\/","title":{"rendered":"Kipsity\u00f6t"},"content":{"rendered":"<div class=\"wpb-content-wrapper\"><p>[vc_row css_animation=&#8221;&#8221; row_type=&#8221;row&#8221; use_row_as_full_screen_section=&#8221;no&#8221; type=&#8221;grid&#8221; angled_section=&#8221;no&#8221; text_align=&#8221;left&#8221; background_image_as_pattern=&#8221;without_pattern&#8221; css=&#8221;.vc_custom_1587828730847{padding-top: 80px !important;padding-bottom: 80px !important;}&#8221; z_index=&#8221;&#8221;][vc_column width=&#8221;1\/2&#8243;][vc_column_text css=&#8221;&#8221;][\/vc_column_text][vc_empty_space height=&#8221;36px&#8221;]<a  itemprop=\"url\" href=\"https:\/\/www.merffrental.ee\/fi\/kontakt\/\" target=\"_self\"  class=\"qbutton  default\" style=\"\">Kysy Tarjousta<\/a>[vc_empty_space height=&#8221;30px&#8221;][\/vc_column][vc_column width=&#8221;1\/2&#8243;][\/vc_column][\/vc_row]<\/p>\n<\/div>","protected":false},"excerpt":{"rendered":"<p>[vc_row css_animation=&#8221;&#8221; row_type=&#8221;row&#8221; use_row_as_full_screen_section=&#8221;no&#8221; type=&#8221;grid&#8221; angled_section=&#8221;no&#8221; text_align=&#8221;left&#8221; background_image_as_pattern=&#8221;without_pattern&#8221; css=&#8221;.vc_custom_1587828730847{padding-top: 80px !important;padding-bottom: 80px !important;}&#8221; z_index=&#8221;&#8221;][vc_column width=&#8221;1\/2&#8243;][vc_column_text css=&#8221;&#8221;][\/vc_column_text][vc_empty_space height=&#8221;36px&#8221;][vc_empty_space height=&#8221;30px&#8221;][\/vc_column][vc_column width=&#8221;1\/2&#8243;][\/vc_column][\/vc_row]<\/p>\n","protected":false},"author":1,"featured_media":0,"parent":0,"menu_order":0,"comment_status":"closed","ping_status":"closed","template":"full_width.php","meta":{"footnotes":""},"class_list":["post-253","page","type-page","status-publish","hentry"],"yoast_head":"<!-- This site is optimized with the Yoast SEO plugin v27.3 - https:\/\/yoast.com\/product\/yoast-seo-wordpress\/ -->\n<title>Kipsit\u00f6\u00f6d ja vaheseinte ehitus | MERFF Rental<\/title>\n<meta name=\"description\" content=\"Teostame kipsit\u00f6id, vaheseinte ehitust ja lagede paigaldust. T\u00e4psed lahendused, mis loovad funktsionaalse ja viimistletud ruumi.\" \/>\n<meta name=\"robots\" content=\"index, follow, max-snippet:-1, max-image-preview:large, max-video-preview:-1\" \/>\n<link rel=\"canonical\" href=\"https:\/\/merffrental.ee\/kipsitood\/\" \/>\n<meta property=\"og:locale\" content=\"fi_FI\" \/>\n<meta property=\"og:type\" content=\"article\" \/>\n<meta property=\"og:title\" content=\"Kipsit\u00f6\u00f6d ja vaheseinte ehitus | MERFF Rental\" \/>\n<meta property=\"og:description\" content=\"Teostame kipsit\u00f6id, vaheseinte ehitust ja lagede paigaldust. T\u00e4psed lahendused, mis loovad funktsionaalse ja viimistletud ruumi.\" \/>\n<meta property=\"og:url\" content=\"https:\/\/merffrental.ee\/kipsitood\/\" \/>\n<meta property=\"og:site_name\" content=\"MERFF RENTAL O\u00dc\" \/>\n<meta property=\"article:modified_time\" content=\"2026-03-20T10:05:15+00:00\" \/>\n<meta name=\"twitter:card\" content=\"summary_large_image\" \/>\n<meta name=\"twitter:label1\" content=\"Arvioitu lukuaika\" \/>\n\t<meta name=\"twitter:data1\" content=\"1 minuutti\" \/>\n<script type=\"application\/ld+json\" class=\"yoast-schema-graph\">{\"@context\":\"https:\\\/\\\/schema.org\",\"@graph\":[{\"@type\":\"WebPage\",\"@id\":\"https:\\\/\\\/merffrental.ee\\\/kipsitood\\\/\",\"url\":\"https:\\\/\\\/merffrental.ee\\\/kipsitood\\\/\",\"name\":\"Kipsit\u00f6\u00f6d ja vaheseinte ehitus | MERFF Rental\",\"isPartOf\":{\"@id\":\"https:\\\/\\\/merffrental.ee\\\/#website\"},\"datePublished\":\"2020-04-25T15:40:00+00:00\",\"dateModified\":\"2026-03-20T10:05:15+00:00\",\"description\":\"Teostame kipsit\u00f6id, vaheseinte ehitust ja lagede paigaldust. T\u00e4psed lahendused, mis loovad funktsionaalse ja viimistletud ruumi.\",\"breadcrumb\":{\"@id\":\"https:\\\/\\\/merffrental.ee\\\/kipsitood\\\/#breadcrumb\"},\"inLanguage\":\"fi\",\"potentialAction\":[{\"@type\":\"ReadAction\",\"target\":[\"https:\\\/\\\/merffrental.ee\\\/kipsitood\\\/\"]}]},{\"@type\":\"BreadcrumbList\",\"@id\":\"https:\\\/\\\/merffrental.ee\\\/kipsitood\\\/#breadcrumb\",\"itemListElement\":[{\"@type\":\"ListItem\",\"position\":1,\"name\":\"Home\",\"item\":\"https:\\\/\\\/merffrental.ee\\\/\"},{\"@type\":\"ListItem\",\"position\":2,\"name\":\"Kipsit\u00f6\u00f6d\"}]},{\"@type\":\"WebSite\",\"@id\":\"https:\\\/\\\/merffrental.ee\\\/#website\",\"url\":\"https:\\\/\\\/merffrental.ee\\\/\",\"name\":\"MERFF RENTAL O\u00dc\",\"description\":\"\",\"publisher\":{\"@id\":\"https:\\\/\\\/merffrental.ee\\\/#organization\"},\"potentialAction\":[{\"@type\":\"SearchAction\",\"target\":{\"@type\":\"EntryPoint\",\"urlTemplate\":\"https:\\\/\\\/merffrental.ee\\\/?s={search_term_string}\"},\"query-input\":{\"@type\":\"PropertyValueSpecification\",\"valueRequired\":true,\"valueName\":\"search_term_string\"}}],\"inLanguage\":\"fi\"},{\"@type\":\"Organization\",\"@id\":\"https:\\\/\\\/merffrental.ee\\\/#organization\",\"name\":\"MERFF RENTAL O\u00dc\",\"url\":\"https:\\\/\\\/merffrental.ee\\\/\",\"logo\":{\"@type\":\"ImageObject\",\"inLanguage\":\"fi\",\"@id\":\"https:\\\/\\\/merffrental.ee\\\/#\\\/schema\\\/logo\\\/image\\\/\",\"url\":\"https:\\\/\\\/merffrental.ee\\\/wp-content\\\/uploads\\\/2022\\\/12\\\/Merff_logo2.png\",\"contentUrl\":\"https:\\\/\\\/merffrental.ee\\\/wp-content\\\/uploads\\\/2022\\\/12\\\/Merff_logo2.png\",\"width\":361,\"height\":80,\"caption\":\"MERFF RENTAL O\u00dc\"},\"image\":{\"@id\":\"https:\\\/\\\/merffrental.ee\\\/#\\\/schema\\\/logo\\\/image\\\/\"}}]}<\/script>\n<!-- \/ Yoast SEO plugin. -->","yoast_head_json":{"title":"Kipsit\u00f6\u00f6d ja vaheseinte ehitus | MERFF Rental","description":"Teostame kipsit\u00f6id, vaheseinte ehitust ja lagede paigaldust. T\u00e4psed lahendused, mis loovad funktsionaalse ja viimistletud ruumi.","robots":{"index":"index","follow":"follow","max-snippet":"max-snippet:-1","max-image-preview":"max-image-preview:large","max-video-preview":"max-video-preview:-1"},"canonical":"https:\/\/merffrental.ee\/kipsitood\/","og_locale":"fi_FI","og_type":"article","og_title":"Kipsit\u00f6\u00f6d ja vaheseinte ehitus | MERFF Rental","og_description":"Teostame kipsit\u00f6id, vaheseinte ehitust ja lagede paigaldust. T\u00e4psed lahendused, mis loovad funktsionaalse ja viimistletud ruumi.","og_url":"https:\/\/merffrental.ee\/kipsitood\/","og_site_name":"MERFF RENTAL O\u00dc","article_modified_time":"2026-03-20T10:05:15+00:00","twitter_card":"summary_large_image","twitter_misc":{"Arvioitu lukuaika":"1 minuutti"},"schema":{"@context":"https:\/\/schema.org","@graph":[{"@type":"WebPage","@id":"https:\/\/merffrental.ee\/kipsitood\/","url":"https:\/\/merffrental.ee\/kipsitood\/","name":"Kipsit\u00f6\u00f6d ja vaheseinte ehitus | MERFF Rental","isPartOf":{"@id":"https:\/\/merffrental.ee\/#website"},"datePublished":"2020-04-25T15:40:00+00:00","dateModified":"2026-03-20T10:05:15+00:00","description":"Teostame kipsit\u00f6id, vaheseinte ehitust ja lagede paigaldust. T\u00e4psed lahendused, mis loovad funktsionaalse ja viimistletud ruumi.","breadcrumb":{"@id":"https:\/\/merffrental.ee\/kipsitood\/#breadcrumb"},"inLanguage":"fi","potentialAction":[{"@type":"ReadAction","target":["https:\/\/merffrental.ee\/kipsitood\/"]}]},{"@type":"BreadcrumbList","@id":"https:\/\/merffrental.ee\/kipsitood\/#breadcrumb","itemListElement":[{"@type":"ListItem","position":1,"name":"Home","item":"https:\/\/merffrental.ee\/"},{"@type":"ListItem","position":2,"name":"Kipsit\u00f6\u00f6d"}]},{"@type":"WebSite","@id":"https:\/\/merffrental.ee\/#website","url":"https:\/\/merffrental.ee\/","name":"MERFF RENTAL O\u00dc","description":"","publisher":{"@id":"https:\/\/merffrental.ee\/#organization"},"potentialAction":[{"@type":"SearchAction","target":{"@type":"EntryPoint","urlTemplate":"https:\/\/merffrental.ee\/?s={search_term_string}"},"query-input":{"@type":"PropertyValueSpecification","valueRequired":true,"valueName":"search_term_string"}}],"inLanguage":"fi"},{"@type":"Organization","@id":"https:\/\/merffrental.ee\/#organization","name":"MERFF RENTAL O\u00dc","url":"https:\/\/merffrental.ee\/","logo":{"@type":"ImageObject","inLanguage":"fi","@id":"https:\/\/merffrental.ee\/#\/schema\/logo\/image\/","url":"https:\/\/merffrental.ee\/wp-content\/uploads\/2022\/12\/Merff_logo2.png","contentUrl":"https:\/\/merffrental.ee\/wp-content\/uploads\/2022\/12\/Merff_logo2.png","width":361,"height":80,"caption":"MERFF RENTAL O\u00dc"},"image":{"@id":"https:\/\/merffrental.ee\/#\/schema\/logo\/image\/"}}]}},"_links":{"self":[{"href":"https:\/\/merffrental.ee\/fi\/wp-json\/wp\/v2\/pages\/253","targetHints":{"allow":["GET"]}}],"collection":[{"href":"https:\/\/merffrental.ee\/fi\/wp-json\/wp\/v2\/pages"}],"about":[{"href":"https:\/\/merffrental.ee\/fi\/wp-json\/wp\/v2\/types\/page"}],"author":[{"embeddable":true,"href":"https:\/\/merffrental.ee\/fi\/wp-json\/wp\/v2\/users\/1"}],"replies":[{"embeddable":true,"href":"https:\/\/merffrental.ee\/fi\/wp-json\/wp\/v2\/comments?post=253"}],"version-history":[{"count":5,"href":"https:\/\/merffrental.ee\/fi\/wp-json\/wp\/v2\/pages\/253\/revisions"}],"predecessor-version":[{"id":875,"href":"https:\/\/merffrental.ee\/fi\/wp-json\/wp\/v2\/pages\/253\/revisions\/875"}],"wp:attachment":[{"href":"https:\/\/merffrental.ee\/fi\/wp-json\/wp\/v2\/media?parent=253"}],"curies":[{"name":"wp","href":"https:\/\/api.w.org\/{rel}","templated":true}]}}