{"id":229,"date":"2020-04-24T14:15:28","date_gmt":"2020-04-24T14:15:28","guid":{"rendered":"http:\/\/bridge129.qodeinteractive.com\/?page_id=4"},"modified":"2026-03-20T09:57:45","modified_gmt":"2026-03-20T09:57:45","slug":"home","status":"publish","type":"page","link":"https:\/\/merffrental.ee\/fi\/","title":{"rendered":"Etusivu"},"content":{"rendered":"<div class=\"wpb-content-wrapper\"><p>[vc_row css_animation=&#8221;&#8221; row_type=&#8221;row&#8221; use_row_as_full_screen_section=&#8221;no&#8221; type=&#8221;full_width&#8221; angled_section=&#8221;no&#8221; text_align=&#8221;left&#8221; background_image_as_pattern=&#8221;without_pattern&#8221; z_index=&#8221;&#8221;][vc_column][rev_slider_vc alias=&#8221;home-slider-et-1&#8243;][\/vc_column][\/vc_row][vc_row css_animation=&#8221;&#8221; row_type=&#8221;row&#8221; use_row_as_full_screen_section=&#8221;no&#8221; type=&#8221;grid&#8221; angled_section=&#8221;no&#8221; text_align=&#8221;center&#8221; background_image_as_pattern=&#8221;without_pattern&#8221; z_index=&#8221;&#8221; css=&#8221;.vc_custom_1587888942235{padding-bottom: 50px !important;background-color: #ecebeb !important;}&#8221;][vc_column css=&#8221;.vc_custom_1515594685991{margin-top: -14% !important;}&#8221;][vc_row_inner row_type=&#8221;row&#8221; type=&#8221;full_width&#8221; text_align=&#8221;center&#8221; css_animation=&#8221;&#8221;][vc_column_inner offset=&#8221;vc_col-md-4&#8243;][qode_elements_holder number_of_columns=&#8221;one_column&#8221;][qode_elements_holder_item advanced_animations=&#8221;no&#8221; background_color=&#8221;#ffffff&#8221; item_padding=&#8221;13% 11% 13% 11%&#8221;][vc_single_image image=&#8221;19&#8243; img_size=&#8221;full&#8221; alignment=&#8221;center&#8221; qode_css_animation=&#8221;&#8221;][vc_empty_space height=&#8221;34px&#8221;][vc_column_text]<\/p>\n<h2>Navetoiden ja tuotantorakennusten rakentaminen SW-paneeleista<\/h2>\n<p>[\/vc_column_text][vc_empty_space height=&#8221;13px&#8221;][vc_column_text]SW-paneeleista navettojen ja tuotantorakennusten rakentamisessa olemme keskittyneet enemm\u00e4n Suomen markkinoille, sek\u00e4 my\u00f6s Viroon.[\/vc_column_text][\/qode_elements_holder_item][\/qode_elements_holder][vc_empty_space height=&#8221;30px&#8221;][\/vc_column_inner][vc_column_inner offset=&#8221;vc_col-md-4&#8243;][qode_elements_holder number_of_columns=&#8221;one_column&#8221;][qode_elements_holder_item advanced_animations=&#8221;no&#8221; background_color=&#8221;#ffffff&#8221; item_padding=&#8221;13% 11% 13% 11%&#8221;][vc_single_image image=&#8221;19&#8243; img_size=&#8221;full&#8221; alignment=&#8221;center&#8221; qode_css_animation=&#8221;&#8221;][vc_empty_space height=&#8221;31px&#8221;][vc_column_text]<\/p>\n<h2>Lohko talojen rakentaminen sis\u00e4tilojen viimeistelyll\u00e4<\/h2>\n<p>[\/vc_column_text][vc_empty_space height=&#8221;13px&#8221;][vc_column_text]Lohko talot ovat p\u00e4\u00e4osin Suomessa lammikivi ja lakka, Virossa Columbia sek\u00e4 fibo.[\/vc_column_text][\/qode_elements_holder_item][\/qode_elements_holder][vc_empty_space height=&#8221;30px&#8221;][\/vc_column_inner][vc_column_inner offset=&#8221;vc_col-md-4&#8243;][qode_elements_holder number_of_columns=&#8221;one_column&#8221;][qode_elements_holder_item advanced_animations=&#8221;no&#8221; item_padding=&#8221;13% 11% 13% 11%&#8221; item_padding_768_1024=&#8221;19% 11% 55px 11%&#8221; background_color=&#8221;#ffffff&#8221;][vc_single_image image=&#8221;19&#8243; img_size=&#8221;full&#8221; alignment=&#8221;center&#8221; qode_css_animation=&#8221;&#8221;][vc_empty_space height=&#8221;31px&#8221;][vc_column_text]<\/p>\n<h2>Merff Rental<\/h2>\n<p>[\/vc_column_text][vc_empty_space height=&#8221;13px&#8221;][vc_column_text]Merff Rental OY p\u00e4\u00e4toimialana on rakentamisen v\u00e4litys ja p\u00e4\u00e4urakointi, olemme aina l\u00f6yt\u00e4neet asiakkaillemme parhaan tarjouksen.[\/vc_column_text][\/qode_elements_holder_item][\/qode_elements_holder][\/vc_column_inner][\/vc_row_inner][\/vc_column][\/vc_row][vc_row css_animation=&#8221;&#8221; row_type=&#8221;row&#8221; use_row_as_full_screen_section=&#8221;no&#8221; type=&#8221;grid&#8221; angled_section=&#8221;no&#8221; text_align=&#8221;center&#8221; background_image_as_pattern=&#8221;without_pattern&#8221; padding_bottom=&#8221;56&#8243; z_index=&#8221;4&#8243; css=&#8221;.vc_custom_1707823712220{background-color: #424242 !important;background-position: center !important;background-repeat: no-repeat !important;background-size: cover !important;}&#8221; padding_top=&#8221;70&#8243;][vc_column][qode_elements_holder number_of_columns=&#8221;one_column&#8221;][qode_elements_holder_item advanced_animations=&#8221;no&#8221; item_padding=&#8221;1px 0 0 0&#8243; item_padding_1280_1440=&#8221;60px 0 0 0&#8243; item_padding_1024_1280=&#8221;61px 0 0 0&#8243; item_padding_768_1024=&#8221;50px 0 0 0&#8243; item_padding_600_768=&#8221;50px 0 0 0&#8243; item_padding_480_600=&#8221;50px 0 0 0&#8243; item_padding_480=&#8221;50px 0 0 0&#8243;][vc_row_inner row_type=&#8221;row&#8221; type=&#8221;full_width&#8221; text_align=&#8221;center&#8221; css_animation=&#8221;&#8221;][vc_column_inner offset=&#8221;vc_col-lg-3 vc_col-md-6&#8243;]<div class=\"q_counter_holder  center\" style=\"\" data-digit=\"167\"><span class=\"counter  random\" style=\"\">167<\/span><p class=\"counter_text\" style=\"\">Tyytyv\u00e4ist\u00e4 Asiakasta<\/p><\/div>[vc_empty_space height=&#8221;30px&#8221;][\/vc_column_inner][vc_column_inner offset=&#8221;vc_col-lg-3 vc_col-md-6&#8243;]<div class=\"q_counter_holder  center\" style=\"\" data-digit=\"4\"><span class=\"counter  random\" style=\"\">4<\/span><p class=\"counter_text\" style=\"\">Ty\u00f6n alla<\/p><\/div>[vc_empty_space height=&#8221;30px&#8221;][\/vc_column_inner][vc_column_inner offset=&#8221;vc_col-lg-3 vc_col-md-6&#8243;]<div class=\"q_counter_holder  center\" style=\"\" data-digit=\"202\"><span class=\"counter  random\" style=\"\">202<\/span><p class=\"counter_text\" style=\"\">Tehdyt Ty\u00f6t<\/p><\/div>[vc_empty_space height=&#8221;30px&#8221;][\/vc_column_inner][vc_column_inner offset=&#8221;vc_col-lg-3 vc_col-md-6&#8243;]<div class=\"q_counter_holder  center\" style=\"\" data-digit=\"47\"><span class=\"counter  random\" style=\"\">47<\/span><p class=\"counter_text\" style=\"\">Yhteisty\u00f6kumppanit<\/p><\/div>[vc_empty_space height=&#8221;30px&#8221;][\/vc_column_inner][\/vc_row_inner][\/qode_elements_holder_item][\/qode_elements_holder][\/vc_column][\/vc_row]<\/p>\n<\/div>","protected":false},"excerpt":{"rendered":"<p>[vc_row css_animation=&#8221;&#8221; row_type=&#8221;row&#8221; use_row_as_full_screen_section=&#8221;no&#8221; type=&#8221;full_width&#8221; angled_section=&#8221;no&#8221; text_align=&#8221;left&#8221; background_image_as_pattern=&#8221;without_pattern&#8221; z_index=&#8221;&#8221;][vc_column][rev_slider_vc alias=&#8221;home-slider-et-1&#8243;][\/vc_column][\/vc_row][vc_row css_animation=&#8221;&#8221; row_type=&#8221;row&#8221; use_row_as_full_screen_section=&#8221;no&#8221; type=&#8221;grid&#8221; angled_section=&#8221;no&#8221; text_align=&#8221;center&#8221; background_image_as_pattern=&#8221;without_pattern&#8221; z_index=&#8221;&#8221; css=&#8221;.vc_custom_1587888942235{padding-bottom: 50px !important;background-color: #ecebeb !important;}&#8221;][vc_column css=&#8221;.vc_custom_1515594685991{margin-top: -14% !important;}&#8221;][vc_row_inner row_type=&#8221;row&#8221; type=&#8221;full_width&#8221; text_align=&#8221;center&#8221; css_animation=&#8221;&#8221;][vc_column_inner offset=&#8221;vc_col-md-4&#8243;][qode_elements_holder number_of_columns=&#8221;one_column&#8221;][qode_elements_holder_item advanced_animations=&#8221;no&#8221; background_color=&#8221;#ffffff&#8221; item_padding=&#8221;13% 11% 13% 11%&#8221;][vc_single_image image=&#8221;19&#8243; img_size=&#8221;full&#8221; alignment=&#8221;center&#8221; qode_css_animation=&#8221;&#8221;][vc_empty_space height=&#8221;34px&#8221;][vc_column_text] Navetoiden ja&#8230;<\/p>\n","protected":false},"author":1,"featured_media":0,"parent":0,"menu_order":0,"comment_status":"closed","ping_status":"closed","template":"full_width.php","meta":{"footnotes":""},"class_list":["post-229","page","type-page","status-publish","hentry"],"yoast_head":"<!-- This site is optimized with the Yoast SEO plugin v27.5 - https:\/\/yoast.com\/product\/yoast-seo-wordpress\/ -->\n<title>Ehitus- ja siseviimistlust\u00f6\u00f6d Eestis | MERFF Rental<\/title>\n<meta name=\"description\" content=\"Pakume ehitus- ja siseviimistlust\u00f6id \u00fcle Eesti. Kogenud meeskond, kvaliteetne teostus ja usaldusv\u00e4\u00e4rne teenus igas projektis.\" \/>\n<meta name=\"robots\" content=\"index, follow, max-snippet:-1, max-image-preview:large, max-video-preview:-1\" \/>\n<link rel=\"canonical\" href=\"https:\/\/merffrental.ee\/\" \/>\n<meta property=\"og:locale\" content=\"fi_FI\" \/>\n<meta property=\"og:type\" content=\"article\" \/>\n<meta property=\"og:title\" content=\"Ehitus- ja siseviimistlust\u00f6\u00f6d Eestis | MERFF Rental\" \/>\n<meta property=\"og:description\" content=\"Pakume ehitus- ja siseviimistlust\u00f6id \u00fcle Eesti. Kogenud meeskond, kvaliteetne teostus ja usaldusv\u00e4\u00e4rne teenus igas projektis.\" \/>\n<meta property=\"og:url\" content=\"https:\/\/merffrental.ee\/\" \/>\n<meta property=\"og:site_name\" content=\"MERFF RENTAL O\u00dc\" \/>\n<meta property=\"article:modified_time\" content=\"2026-03-20T09:57:45+00:00\" \/>\n<meta name=\"twitter:card\" content=\"summary_large_image\" \/>\n<meta name=\"twitter:label1\" content=\"Arvioitu lukuaika\" \/>\n\t<meta name=\"twitter:data1\" content=\"2 minuuttia\" \/>\n<script type=\"application\/ld+json\" class=\"yoast-schema-graph\">{\"@context\":\"https:\\\/\\\/schema.org\",\"@graph\":[{\"@type\":\"WebPage\",\"@id\":\"https:\\\/\\\/merffrental.ee\\\/\",\"url\":\"https:\\\/\\\/merffrental.ee\\\/\",\"name\":\"Ehitus- ja siseviimistlust\u00f6\u00f6d Eestis | MERFF Rental\",\"isPartOf\":{\"@id\":\"https:\\\/\\\/merffrental.ee\\\/#website\"},\"datePublished\":\"2020-04-24T14:15:28+00:00\",\"dateModified\":\"2026-03-20T09:57:45+00:00\",\"description\":\"Pakume ehitus- ja siseviimistlust\u00f6id \u00fcle Eesti. Kogenud meeskond, kvaliteetne teostus ja usaldusv\u00e4\u00e4rne teenus igas projektis.\",\"breadcrumb\":{\"@id\":\"https:\\\/\\\/merffrental.ee\\\/#breadcrumb\"},\"inLanguage\":\"fi\",\"potentialAction\":[{\"@type\":\"ReadAction\",\"target\":[\"https:\\\/\\\/merffrental.ee\\\/\"]}]},{\"@type\":\"BreadcrumbList\",\"@id\":\"https:\\\/\\\/merffrental.ee\\\/#breadcrumb\",\"itemListElement\":[{\"@type\":\"ListItem\",\"position\":1,\"name\":\"Home\",\"item\":\"https:\\\/\\\/merffrental.ee\\\/\"},{\"@type\":\"ListItem\",\"position\":2,\"name\":\"Avaleht\"}]},{\"@type\":\"WebSite\",\"@id\":\"https:\\\/\\\/merffrental.ee\\\/#website\",\"url\":\"https:\\\/\\\/merffrental.ee\\\/\",\"name\":\"MERFF RENTAL O\u00dc\",\"description\":\"\",\"publisher\":{\"@id\":\"https:\\\/\\\/merffrental.ee\\\/#organization\"},\"potentialAction\":[{\"@type\":\"SearchAction\",\"target\":{\"@type\":\"EntryPoint\",\"urlTemplate\":\"https:\\\/\\\/merffrental.ee\\\/?s={search_term_string}\"},\"query-input\":{\"@type\":\"PropertyValueSpecification\",\"valueRequired\":true,\"valueName\":\"search_term_string\"}}],\"inLanguage\":\"fi\"},{\"@type\":\"Organization\",\"@id\":\"https:\\\/\\\/merffrental.ee\\\/#organization\",\"name\":\"MERFF RENTAL O\u00dc\",\"url\":\"https:\\\/\\\/merffrental.ee\\\/\",\"logo\":{\"@type\":\"ImageObject\",\"inLanguage\":\"fi\",\"@id\":\"https:\\\/\\\/merffrental.ee\\\/#\\\/schema\\\/logo\\\/image\\\/\",\"url\":\"https:\\\/\\\/merffrental.ee\\\/wp-content\\\/uploads\\\/2022\\\/12\\\/Merff_logo2.png\",\"contentUrl\":\"https:\\\/\\\/merffrental.ee\\\/wp-content\\\/uploads\\\/2022\\\/12\\\/Merff_logo2.png\",\"width\":361,\"height\":80,\"caption\":\"MERFF RENTAL O\u00dc\"},\"image\":{\"@id\":\"https:\\\/\\\/merffrental.ee\\\/#\\\/schema\\\/logo\\\/image\\\/\"}}]}<\/script>\n<!-- \/ Yoast SEO plugin. -->","yoast_head_json":{"title":"Ehitus- ja siseviimistlust\u00f6\u00f6d Eestis | MERFF Rental","description":"Pakume ehitus- ja siseviimistlust\u00f6id \u00fcle Eesti. Kogenud meeskond, kvaliteetne teostus ja usaldusv\u00e4\u00e4rne teenus igas projektis.","robots":{"index":"index","follow":"follow","max-snippet":"max-snippet:-1","max-image-preview":"max-image-preview:large","max-video-preview":"max-video-preview:-1"},"canonical":"https:\/\/merffrental.ee\/","og_locale":"fi_FI","og_type":"article","og_title":"Ehitus- ja siseviimistlust\u00f6\u00f6d Eestis | MERFF Rental","og_description":"Pakume ehitus- ja siseviimistlust\u00f6id \u00fcle Eesti. Kogenud meeskond, kvaliteetne teostus ja usaldusv\u00e4\u00e4rne teenus igas projektis.","og_url":"https:\/\/merffrental.ee\/","og_site_name":"MERFF RENTAL O\u00dc","article_modified_time":"2026-03-20T09:57:45+00:00","twitter_card":"summary_large_image","twitter_misc":{"Arvioitu lukuaika":"2 minuuttia"},"schema":{"@context":"https:\/\/schema.org","@graph":[{"@type":"WebPage","@id":"https:\/\/merffrental.ee\/","url":"https:\/\/merffrental.ee\/","name":"Ehitus- ja siseviimistlust\u00f6\u00f6d Eestis | MERFF Rental","isPartOf":{"@id":"https:\/\/merffrental.ee\/#website"},"datePublished":"2020-04-24T14:15:28+00:00","dateModified":"2026-03-20T09:57:45+00:00","description":"Pakume ehitus- ja siseviimistlust\u00f6id \u00fcle Eesti. Kogenud meeskond, kvaliteetne teostus ja usaldusv\u00e4\u00e4rne teenus igas projektis.","breadcrumb":{"@id":"https:\/\/merffrental.ee\/#breadcrumb"},"inLanguage":"fi","potentialAction":[{"@type":"ReadAction","target":["https:\/\/merffrental.ee\/"]}]},{"@type":"BreadcrumbList","@id":"https:\/\/merffrental.ee\/#breadcrumb","itemListElement":[{"@type":"ListItem","position":1,"name":"Home","item":"https:\/\/merffrental.ee\/"},{"@type":"ListItem","position":2,"name":"Avaleht"}]},{"@type":"WebSite","@id":"https:\/\/merffrental.ee\/#website","url":"https:\/\/merffrental.ee\/","name":"MERFF RENTAL O\u00dc","description":"","publisher":{"@id":"https:\/\/merffrental.ee\/#organization"},"potentialAction":[{"@type":"SearchAction","target":{"@type":"EntryPoint","urlTemplate":"https:\/\/merffrental.ee\/?s={search_term_string}"},"query-input":{"@type":"PropertyValueSpecification","valueRequired":true,"valueName":"search_term_string"}}],"inLanguage":"fi"},{"@type":"Organization","@id":"https:\/\/merffrental.ee\/#organization","name":"MERFF RENTAL O\u00dc","url":"https:\/\/merffrental.ee\/","logo":{"@type":"ImageObject","inLanguage":"fi","@id":"https:\/\/merffrental.ee\/#\/schema\/logo\/image\/","url":"https:\/\/merffrental.ee\/wp-content\/uploads\/2022\/12\/Merff_logo2.png","contentUrl":"https:\/\/merffrental.ee\/wp-content\/uploads\/2022\/12\/Merff_logo2.png","width":361,"height":80,"caption":"MERFF RENTAL O\u00dc"},"image":{"@id":"https:\/\/merffrental.ee\/#\/schema\/logo\/image\/"}}]}},"_links":{"self":[{"href":"https:\/\/merffrental.ee\/fi\/wp-json\/wp\/v2\/pages\/229","targetHints":{"allow":["GET"]}}],"collection":[{"href":"https:\/\/merffrental.ee\/fi\/wp-json\/wp\/v2\/pages"}],"about":[{"href":"https:\/\/merffrental.ee\/fi\/wp-json\/wp\/v2\/types\/page"}],"author":[{"embeddable":true,"href":"https:\/\/merffrental.ee\/fi\/wp-json\/wp\/v2\/users\/1"}],"replies":[{"embeddable":true,"href":"https:\/\/merffrental.ee\/fi\/wp-json\/wp\/v2\/comments?post=229"}],"version-history":[{"count":5,"href":"https:\/\/merffrental.ee\/fi\/wp-json\/wp\/v2\/pages\/229\/revisions"}],"predecessor-version":[{"id":881,"href":"https:\/\/merffrental.ee\/fi\/wp-json\/wp\/v2\/pages\/229\/revisions\/881"}],"wp:attachment":[{"href":"https:\/\/merffrental.ee\/fi\/wp-json\/wp\/v2\/media?parent=229"}],"curies":[{"name":"wp","href":"https:\/\/api.w.org\/{rel}","templated":true}]}}