{"id":213,"date":"2020-04-24T11:42:48","date_gmt":"2020-04-24T11:42:48","guid":{"rendered":"http:\/\/bridge129.qodeinteractive.com\/?page_id=213"},"modified":"2026-03-20T10:03:39","modified_gmt":"2026-03-20T10:03:39","slug":"kontakt","status":"publish","type":"page","link":"https:\/\/merffrental.ee\/fi\/kontakt\/","title":{"rendered":"Yhteystiedot"},"content":{"rendered":"<div class=\"wpb-content-wrapper\"><p>[vc_row css_animation=&#8221;&#8221; row_type=&#8221;row&#8221; use_row_as_full_screen_section=&#8221;no&#8221; type=&#8221;full_width&#8221; angled_section=&#8221;no&#8221; text_align=&#8221;left&#8221; background_image_as_pattern=&#8221;without_pattern&#8221; padding_bottom=&#8221;97&#8243; z_index=&#8221;&#8221;][vc_column][vc_raw_html]JTNDaWZyYW1lJTIwc3JjJTNEJTIyaHR0cHMlM0ElMkYlMkZ3d3cuZ29vZ2xlLmNvbSUyRm1hcHMlMkZlbWJlZCUzRnBiJTNEJTIxMW0xOCUyMTFtMTIlMjExbTMlMjExZDE5NzguODQ1OTY0MDY3MTA3MiUyMTJkMjQuODcwNjUxMzEzMDY5NTMzJTIxM2Q2MC4yNjYwMDU1NzQ5Nzc0NTYlMjEybTMlMjExZjAlMjEyZjAlMjEzZjAlMjEzbTIlMjExaTEwMjQlMjEyaTc2OCUyMTRmMTMuMSUyMTNtMyUyMTFtMiUyMTFzMHg0NjhkZjdmNGY3NTAyNWMxJTI1M0EweDEzYzM1OTQ3MTJiZDk0OWQlMjEyc0thaXZva3NlbGFudGllJTI1MjA1JTI1MkMlMjUyMDAxNjEwJTI1MjBWYW50YWElMjUyQyUyNTIwU29vbWUlMjE1ZTAlMjEzbTIlMjExc2V0JTIxMnNlZSUyMTR2MTcxMzQ0MDk4MzY2MCUyMTVtMiUyMTFzZXQlMjEyc2VlJTIyJTIwd2lkdGglM0QlMjIxMDAlMjUlMjIlMjBoZWlnaHQlM0QlMjI0MDAlMjIlMjBzdHlsZSUzRCUyMmJvcmRlciUzQTAlM0IlMjIlMjBhbGxvd2Z1bGxzY3JlZW4lM0QlMjIlMjIlMjBsb2FkaW5nJTNEJTIybGF6eSUyMiUyMHJlZmVycmVycG9saWN5JTNEJTIybm8tcmVmZXJyZXItd2hlbi1kb3duZ3JhZGUlMjIlM0UlM0MlMkZpZnJhbWUlM0U=[\/vc_raw_html][\/vc_column][\/vc_row][vc_row css_animation=&#8221;&#8221; row_type=&#8221;row&#8221; use_row_as_full_screen_section=&#8221;no&#8221; type=&#8221;grid&#8221; angled_section=&#8221;no&#8221; text_align=&#8221;left&#8221; background_image_as_pattern=&#8221;without_pattern&#8221; padding_bottom=&#8221;50&#8243; z_index=&#8221;&#8221;][vc_column offset=&#8221;vc_col-md-4&#8243;][vc_separator type=&#8221;transparent&#8221; up=&#8221;-16&#8243;][vc_column_text]<\/p>\n<h2>MERFF RENTAL O\u00dc<\/h2>\n<p>[\/vc_column_text][vc_separator type=&#8221;small&#8221; position=&#8221;left&#8221; color=&#8221;#6296ab&#8221; thickness=&#8221;4&#8243; width=&#8221;48&#8243; up=&#8221;22&#8243; down=&#8221;41&#8243;][vc_empty_space height=&#8221;7px&#8221;][vc_column_text css=&#8221;&#8221;]Kaivokselantie 5F &#8211; 40, Vantaa, 01610<\/p>\n<p>info@merffrental.ee<\/p>\n<p>Y-tunnus 3309626-4<\/p>\n<p>SWEDBANK \u2013 EE192200221078683490<\/p>\n<p>Swedbank&#8217;s BIC, i.e. SWIFT : HABAEE2X[\/vc_column_text][vc_empty_space height=&#8221;30px&#8221;][\/vc_column][vc_column offset=&#8221;vc_col-md-8&#8243;][vc_separator type=&#8221;transparent&#8221; up=&#8221;-16&#8243;][vc_column_text]<\/p>\n<h2>Ota yhteytt\u00e4!<\/h2>\n<p>[\/vc_column_text][vc_separator type=&#8221;small&#8221; position=&#8221;left&#8221; color=&#8221;#6296ab&#8221; thickness=&#8221;4&#8243; width=&#8221;48&#8243; up=&#8221;22&#8243; down=&#8221;41&#8243;]\n<div class=\"wpcf7 no-js\" id=\"wpcf7-f769-o1\" lang=\"fi\" dir=\"ltr\" data-wpcf7-id=\"769\">\n<div class=\"screen-reader-response\"><p role=\"status\" aria-live=\"polite\" aria-atomic=\"true\"><\/p> <ul><\/ul><\/div>\n<form action=\"\/fi\/wp-json\/wp\/v2\/pages\/213#wpcf7-f769-o1\" method=\"post\" class=\"wpcf7-form init cf7_custom_style_2\" aria-label=\"Yhteydenottolomake\" novalidate=\"novalidate\" data-status=\"init\">\n<fieldset class=\"hidden-fields-container\"><input type=\"hidden\" name=\"_wpcf7\" value=\"769\" \/><input type=\"hidden\" name=\"_wpcf7_version\" value=\"6.1.5\" \/><input type=\"hidden\" name=\"_wpcf7_locale\" value=\"fi\" \/><input type=\"hidden\" name=\"_wpcf7_unit_tag\" value=\"wpcf7-f769-o1\" \/><input type=\"hidden\" name=\"_wpcf7_container_post\" value=\"0\" \/><input type=\"hidden\" name=\"_wpcf7_posted_data_hash\" value=\"\" \/><input type=\"hidden\" name=\"_wpcf7_recaptcha_response\" value=\"\" \/>\n<\/fieldset>\n<div>\n\t<p><span class=\"wpcf7-form-control-wrap\" data-name=\"your-name\"><input size=\"40\" maxlength=\"400\" class=\"wpcf7-form-control wpcf7-text wpcf7-validates-as-required\" aria-required=\"true\" aria-invalid=\"false\" placeholder=\"Nimesi*\" value=\"\" type=\"text\" name=\"your-name\" \/><\/span>\n\t<\/p>\n<\/div>\n<div>\n\t<p><span class=\"wpcf7-form-control-wrap\" data-name=\"your-email\"><input size=\"40\" maxlength=\"400\" class=\"wpcf7-form-control wpcf7-email wpcf7-validates-as-required wpcf7-text wpcf7-validates-as-email\" aria-required=\"true\" aria-invalid=\"false\" placeholder=\"S\u00e4hk\u00f6postiosoitteesi*\" value=\"\" type=\"email\" name=\"your-email\" \/><\/span>\n\t<\/p>\n<\/div>\n<div>\n\t<p><span class=\"wpcf7-form-control-wrap\" data-name=\"your-subject\"><input size=\"40\" maxlength=\"400\" class=\"wpcf7-form-control wpcf7-text wpcf7-validates-as-required\" aria-required=\"true\" aria-invalid=\"false\" placeholder=\"Aihe*\" value=\"\" type=\"text\" name=\"your-subject\" \/><\/span>\n\t<\/p>\n<\/div>\n<div>\n\t<p><span class=\"wpcf7-form-control-wrap\" data-name=\"your-message\"><textarea cols=\"40\" rows=\"10\" maxlength=\"2000\" class=\"wpcf7-form-control wpcf7-textarea wpcf7-validates-as-required\" aria-required=\"true\" aria-invalid=\"false\" placeholder=\"Viestisi*\" name=\"your-message\"><\/textarea><\/span>\n\t<\/p>\n<\/div>\n<p><input class=\"wpcf7-form-control wpcf7-submit has-spinner\" type=\"submit\" value=\"L\u00e4het\u00e4\" \/>\n<\/p><div class=\"wpcf7-response-output\" aria-hidden=\"true\"><\/div>\n<\/form>\n<\/div>\n[vc_empty_space height=&#8221;30px&#8221;][\/vc_column][\/vc_row]<\/p>\n<\/div>","protected":false},"excerpt":{"rendered":"<p>[vc_row css_animation=&#8221;&#8221; row_type=&#8221;row&#8221; use_row_as_full_screen_section=&#8221;no&#8221; type=&#8221;full_width&#8221; angled_section=&#8221;no&#8221; text_align=&#8221;left&#8221; background_image_as_pattern=&#8221;without_pattern&#8221; padding_bottom=&#8221;97&#8243; z_index=&#8221;&#8221;][vc_column][vc_raw_html]JTNDaWZyYW1lJTIwc3JjJTNEJTIyaHR0cHMlM0ElMkYlMkZ3d3cuZ29vZ2xlLmNvbSUyRm1hcHMlMkZlbWJlZCUzRnBiJTNEJTIxMW0xOCUyMTFtMTIlMjExbTMlMjExZDE5NzguODQ1OTY0MDY3MTA3MiUyMTJkMjQuODcwNjUxMzEzMDY5NTMzJTIxM2Q2MC4yNjYwMDU1NzQ5Nzc0NTYlMjEybTMlMjExZjAlMjEyZjAlMjEzZjAlMjEzbTIlMjExaTEwMjQlMjEyaTc2OCUyMTRmMTMuMSUyMTNtMyUyMTFtMiUyMTFzMHg0NjhkZjdmNGY3NTAyNWMxJTI1M0EweDEzYzM1OTQ3MTJiZDk0OWQlMjEyc0thaXZva3NlbGFudGllJTI1MjA1JTI1MkMlMjUyMDAxNjEwJTI1MjBWYW50YWElMjUyQyUyNTIwU29vbWUlMjE1ZTAlMjEzbTIlMjExc2V0JTIxMnNlZSUyMTR2MTcxMzQ0MDk4MzY2MCUyMTVtMiUyMTFzZXQlMjEyc2VlJTIyJTIwd2lkdGglM0QlMjIxMDAlMjUlMjIlMjBoZWlnaHQlM0QlMjI0MDAlMjIlMjBzdHlsZSUzRCUyMmJvcmRlciUzQTAlM0IlMjIlMjBhbGxvd2Z1bGxzY3JlZW4lM0QlMjIlMjIlMjBsb2FkaW5nJTNEJTIybGF6eSUyMiUyMHJlZmVycmVycG9saWN5JTNEJTIybm8tcmVmZXJyZXItd2hlbi1kb3duZ3JhZGUlMjIlM0UlM0MlMkZpZnJhbWUlM0U=[\/vc_raw_html][\/vc_column][\/vc_row][vc_row css_animation=&#8221;&#8221; row_type=&#8221;row&#8221; use_row_as_full_screen_section=&#8221;no&#8221; type=&#8221;grid&#8221; angled_section=&#8221;no&#8221; text_align=&#8221;left&#8221; background_image_as_pattern=&#8221;without_pattern&#8221; padding_bottom=&#8221;50&#8243; z_index=&#8221;&#8221;][vc_column offset=&#8221;vc_col-md-4&#8243;][vc_separator type=&#8221;transparent&#8221; up=&#8221;-16&#8243;][vc_column_text] MERFF RENTAL O\u00dc [\/vc_column_text][vc_separator type=&#8221;small&#8221; position=&#8221;left&#8221; color=&#8221;#6296ab&#8221; thickness=&#8221;4&#8243; width=&#8221;48&#8243; up=&#8221;22&#8243; down=&#8221;41&#8243;][vc_empty_space height=&#8221;7px&#8221;][vc_column_text css=&#8221;&#8221;]Kaivokselantie 5F &#8211; 40, Vantaa, 01610 info@merffrental.ee Y-tunnus 3309626-4 SWEDBANK \u2013&#8230;<\/p>\n","protected":false},"author":1,"featured_media":0,"parent":0,"menu_order":0,"comment_status":"closed","ping_status":"closed","template":"full_width.php","meta":{"footnotes":""},"class_list":["post-213","page","type-page","status-publish","hentry"],"yoast_head":"<!-- This site is optimized with the Yoast SEO plugin v27.4 - https:\/\/yoast.com\/product\/yoast-seo-wordpress\/ -->\n<title>Kontakt ja hinnap\u00e4ring | MERFF Rental<\/title>\n<meta name=\"description\" content=\"V\u00f5ta meiega \u00fchendust ja k\u00fcsi pakkumist. Vastame kiiresti ning aitame leida sobiva lahenduse sinu ehitus- v\u00f5i remondiprojektile.\" \/>\n<meta name=\"robots\" content=\"index, follow, max-snippet:-1, max-image-preview:large, max-video-preview:-1\" \/>\n<link rel=\"canonical\" href=\"https:\/\/merffrental.ee\/kontakt\/\" \/>\n<meta property=\"og:locale\" content=\"fi_FI\" \/>\n<meta property=\"og:type\" content=\"article\" \/>\n<meta property=\"og:title\" content=\"Kontakt ja hinnap\u00e4ring | MERFF Rental\" \/>\n<meta property=\"og:description\" content=\"V\u00f5ta meiega \u00fchendust ja k\u00fcsi pakkumist. Vastame kiiresti ning aitame leida sobiva lahenduse sinu ehitus- v\u00f5i remondiprojektile.\" \/>\n<meta property=\"og:url\" content=\"https:\/\/merffrental.ee\/kontakt\/\" \/>\n<meta property=\"og:site_name\" content=\"MERFF RENTAL O\u00dc\" \/>\n<meta property=\"article:modified_time\" content=\"2026-03-20T10:03:39+00:00\" \/>\n<meta name=\"twitter:card\" content=\"summary_large_image\" \/>\n<meta name=\"twitter:label1\" content=\"Arvioitu lukuaika\" \/>\n\t<meta name=\"twitter:data1\" content=\"1 minuutti\" \/>\n<script type=\"application\/ld+json\" class=\"yoast-schema-graph\">{\"@context\":\"https:\\\/\\\/schema.org\",\"@graph\":[{\"@type\":\"WebPage\",\"@id\":\"https:\\\/\\\/merffrental.ee\\\/kontakt\\\/\",\"url\":\"https:\\\/\\\/merffrental.ee\\\/kontakt\\\/\",\"name\":\"Kontakt ja hinnap\u00e4ring | MERFF Rental\",\"isPartOf\":{\"@id\":\"https:\\\/\\\/merffrental.ee\\\/#website\"},\"datePublished\":\"2020-04-24T11:42:48+00:00\",\"dateModified\":\"2026-03-20T10:03:39+00:00\",\"description\":\"V\u00f5ta meiega \u00fchendust ja k\u00fcsi pakkumist. Vastame kiiresti ning aitame leida sobiva lahenduse sinu ehitus- v\u00f5i remondiprojektile.\",\"breadcrumb\":{\"@id\":\"https:\\\/\\\/merffrental.ee\\\/kontakt\\\/#breadcrumb\"},\"inLanguage\":\"fi\",\"potentialAction\":[{\"@type\":\"ReadAction\",\"target\":[\"https:\\\/\\\/merffrental.ee\\\/kontakt\\\/\"]}]},{\"@type\":\"BreadcrumbList\",\"@id\":\"https:\\\/\\\/merffrental.ee\\\/kontakt\\\/#breadcrumb\",\"itemListElement\":[{\"@type\":\"ListItem\",\"position\":1,\"name\":\"Home\",\"item\":\"https:\\\/\\\/merffrental.ee\\\/\"},{\"@type\":\"ListItem\",\"position\":2,\"name\":\"Kontakt\"}]},{\"@type\":\"WebSite\",\"@id\":\"https:\\\/\\\/merffrental.ee\\\/#website\",\"url\":\"https:\\\/\\\/merffrental.ee\\\/\",\"name\":\"MERFF RENTAL O\u00dc\",\"description\":\"\",\"publisher\":{\"@id\":\"https:\\\/\\\/merffrental.ee\\\/#organization\"},\"potentialAction\":[{\"@type\":\"SearchAction\",\"target\":{\"@type\":\"EntryPoint\",\"urlTemplate\":\"https:\\\/\\\/merffrental.ee\\\/?s={search_term_string}\"},\"query-input\":{\"@type\":\"PropertyValueSpecification\",\"valueRequired\":true,\"valueName\":\"search_term_string\"}}],\"inLanguage\":\"fi\"},{\"@type\":\"Organization\",\"@id\":\"https:\\\/\\\/merffrental.ee\\\/#organization\",\"name\":\"MERFF RENTAL O\u00dc\",\"url\":\"https:\\\/\\\/merffrental.ee\\\/\",\"logo\":{\"@type\":\"ImageObject\",\"inLanguage\":\"fi\",\"@id\":\"https:\\\/\\\/merffrental.ee\\\/#\\\/schema\\\/logo\\\/image\\\/\",\"url\":\"https:\\\/\\\/merffrental.ee\\\/wp-content\\\/uploads\\\/2022\\\/12\\\/Merff_logo2.png\",\"contentUrl\":\"https:\\\/\\\/merffrental.ee\\\/wp-content\\\/uploads\\\/2022\\\/12\\\/Merff_logo2.png\",\"width\":361,\"height\":80,\"caption\":\"MERFF RENTAL O\u00dc\"},\"image\":{\"@id\":\"https:\\\/\\\/merffrental.ee\\\/#\\\/schema\\\/logo\\\/image\\\/\"}}]}<\/script>\n<!-- \/ Yoast SEO plugin. -->","yoast_head_json":{"title":"Kontakt ja hinnap\u00e4ring | MERFF Rental","description":"V\u00f5ta meiega \u00fchendust ja k\u00fcsi pakkumist. Vastame kiiresti ning aitame leida sobiva lahenduse sinu ehitus- v\u00f5i remondiprojektile.","robots":{"index":"index","follow":"follow","max-snippet":"max-snippet:-1","max-image-preview":"max-image-preview:large","max-video-preview":"max-video-preview:-1"},"canonical":"https:\/\/merffrental.ee\/kontakt\/","og_locale":"fi_FI","og_type":"article","og_title":"Kontakt ja hinnap\u00e4ring | MERFF Rental","og_description":"V\u00f5ta meiega \u00fchendust ja k\u00fcsi pakkumist. Vastame kiiresti ning aitame leida sobiva lahenduse sinu ehitus- v\u00f5i remondiprojektile.","og_url":"https:\/\/merffrental.ee\/kontakt\/","og_site_name":"MERFF RENTAL O\u00dc","article_modified_time":"2026-03-20T10:03:39+00:00","twitter_card":"summary_large_image","twitter_misc":{"Arvioitu lukuaika":"1 minuutti"},"schema":{"@context":"https:\/\/schema.org","@graph":[{"@type":"WebPage","@id":"https:\/\/merffrental.ee\/kontakt\/","url":"https:\/\/merffrental.ee\/kontakt\/","name":"Kontakt ja hinnap\u00e4ring | MERFF Rental","isPartOf":{"@id":"https:\/\/merffrental.ee\/#website"},"datePublished":"2020-04-24T11:42:48+00:00","dateModified":"2026-03-20T10:03:39+00:00","description":"V\u00f5ta meiega \u00fchendust ja k\u00fcsi pakkumist. Vastame kiiresti ning aitame leida sobiva lahenduse sinu ehitus- v\u00f5i remondiprojektile.","breadcrumb":{"@id":"https:\/\/merffrental.ee\/kontakt\/#breadcrumb"},"inLanguage":"fi","potentialAction":[{"@type":"ReadAction","target":["https:\/\/merffrental.ee\/kontakt\/"]}]},{"@type":"BreadcrumbList","@id":"https:\/\/merffrental.ee\/kontakt\/#breadcrumb","itemListElement":[{"@type":"ListItem","position":1,"name":"Home","item":"https:\/\/merffrental.ee\/"},{"@type":"ListItem","position":2,"name":"Kontakt"}]},{"@type":"WebSite","@id":"https:\/\/merffrental.ee\/#website","url":"https:\/\/merffrental.ee\/","name":"MERFF RENTAL O\u00dc","description":"","publisher":{"@id":"https:\/\/merffrental.ee\/#organization"},"potentialAction":[{"@type":"SearchAction","target":{"@type":"EntryPoint","urlTemplate":"https:\/\/merffrental.ee\/?s={search_term_string}"},"query-input":{"@type":"PropertyValueSpecification","valueRequired":true,"valueName":"search_term_string"}}],"inLanguage":"fi"},{"@type":"Organization","@id":"https:\/\/merffrental.ee\/#organization","name":"MERFF RENTAL O\u00dc","url":"https:\/\/merffrental.ee\/","logo":{"@type":"ImageObject","inLanguage":"fi","@id":"https:\/\/merffrental.ee\/#\/schema\/logo\/image\/","url":"https:\/\/merffrental.ee\/wp-content\/uploads\/2022\/12\/Merff_logo2.png","contentUrl":"https:\/\/merffrental.ee\/wp-content\/uploads\/2022\/12\/Merff_logo2.png","width":361,"height":80,"caption":"MERFF RENTAL O\u00dc"},"image":{"@id":"https:\/\/merffrental.ee\/#\/schema\/logo\/image\/"}}]}},"_links":{"self":[{"href":"https:\/\/merffrental.ee\/fi\/wp-json\/wp\/v2\/pages\/213","targetHints":{"allow":["GET"]}}],"collection":[{"href":"https:\/\/merffrental.ee\/fi\/wp-json\/wp\/v2\/pages"}],"about":[{"href":"https:\/\/merffrental.ee\/fi\/wp-json\/wp\/v2\/types\/page"}],"author":[{"embeddable":true,"href":"https:\/\/merffrental.ee\/fi\/wp-json\/wp\/v2\/users\/1"}],"replies":[{"embeddable":true,"href":"https:\/\/merffrental.ee\/fi\/wp-json\/wp\/v2\/comments?post=213"}],"version-history":[{"count":5,"href":"https:\/\/merffrental.ee\/fi\/wp-json\/wp\/v2\/pages\/213\/revisions"}],"predecessor-version":[{"id":872,"href":"https:\/\/merffrental.ee\/fi\/wp-json\/wp\/v2\/pages\/213\/revisions\/872"}],"wp:attachment":[{"href":"https:\/\/merffrental.ee\/fi\/wp-json\/wp\/v2\/media?parent=213"}],"curies":[{"name":"wp","href":"https:\/\/api.w.org\/{rel}","templated":true}]}}