{"id":132,"date":"2020-04-24T08:02:15","date_gmt":"2020-04-24T08:02:15","guid":{"rendered":"http:\/\/bridge129.qodeinteractive.com\/?page_id=132"},"modified":"2026-03-20T10:02:06","modified_gmt":"2026-03-20T10:02:06","slug":"meist","status":"publish","type":"page","link":"https:\/\/merffrental.ee\/fi\/meist\/","title":{"rendered":"Meist\u00e4"},"content":{"rendered":"<div class=\"wpb-content-wrapper\"><p>[vc_row css_animation=&#8221;&#8221; row_type=&#8221;row&#8221; use_row_as_full_screen_section=&#8221;no&#8221; type=&#8221;grid&#8221; angled_section=&#8221;no&#8221; text_align=&#8221;left&#8221; background_image_as_pattern=&#8221;without_pattern&#8221; css=&#8221;.vc_custom_1587828730847{padding-top: 80px !important;padding-bottom: 80px !important;}&#8221; z_index=&#8221;&#8221;][vc_column width=&#8221;1\/2&#8243;][vc_column_text]MERFF RENTAL O\u00dc perustettiin vuonna 2016 tarjoamaan laadukkaita rakennuspalveluita sek\u00e4 Virossa ett\u00e4 Suomessa. MERFF RENTAL O\u00dc:n p\u00e4\u00e4toimiala on kehitys- ja rakennusv\u00e4litys p\u00e4\u00e4urakoinnilla, olemme aina l\u00f6yt\u00e4neet parhaan tarjouksen asiakkaillemme.<br \/>\nAsiakkaitamme ovat johtavat rakennusliikkeet, myym\u00e4l\u00e4t ja yksityisasiakkaat.<br \/>\nParas mainonta ty\u00f6st\u00e4si on hyv\u00e4 palaute ja laadukas ty\u00f6.[\/vc_column_text][vc_empty_space height=&#8221;36px&#8221;]<a  itemprop=\"url\" href=\"https:\/\/www.merffrental.ee\/fi\/kontakt\/\" target=\"_self\"  class=\"qbutton  default\" style=\"\">Kysy Tarjousta<\/a>[vc_empty_space height=&#8221;30px&#8221;][\/vc_column][vc_column width=&#8221;1\/2&#8243;][\/vc_column][\/vc_row]<\/p>\n<\/div>","protected":false},"excerpt":{"rendered":"<p>[vc_row css_animation=&#8221;&#8221; row_type=&#8221;row&#8221; use_row_as_full_screen_section=&#8221;no&#8221; type=&#8221;grid&#8221; angled_section=&#8221;no&#8221; text_align=&#8221;left&#8221; background_image_as_pattern=&#8221;without_pattern&#8221; css=&#8221;.vc_custom_1587828730847{padding-top: 80px !important;padding-bottom: 80px !important;}&#8221; z_index=&#8221;&#8221;][vc_column width=&#8221;1\/2&#8243;][vc_column_text]MERFF RENTAL O\u00dc perustettiin vuonna 2016 tarjoamaan laadukkaita rakennuspalveluita sek\u00e4 Virossa ett\u00e4 Suomessa. MERFF RENTAL O\u00dc:n p\u00e4\u00e4toimiala on kehitys- ja rakennusv\u00e4litys p\u00e4\u00e4urakoinnilla, olemme aina l\u00f6yt\u00e4neet parhaan tarjouksen asiakkaillemme. Asiakkaitamme ovat johtavat&#8230;<\/p>\n","protected":false},"author":1,"featured_media":0,"parent":0,"menu_order":0,"comment_status":"closed","ping_status":"closed","template":"full_width.php","meta":{"footnotes":""},"class_list":["post-132","page","type-page","status-publish","hentry"],"yoast_head":"<!-- This site is optimized with the Yoast SEO plugin v27.4 - https:\/\/yoast.com\/product\/yoast-seo-wordpress\/ -->\n<title>Ehitusettev\u00f5te ja kogemus | MERFF Rental<\/title>\n<meta name=\"description\" content=\"MERFF Rental on ehitusettev\u00f5te, mis pakub erinevaid ehitus- ja siseviimistlust\u00f6id. Usaldusv\u00e4\u00e4rne partner kvaliteetseks teostuseks.\" \/>\n<meta name=\"robots\" content=\"index, follow, max-snippet:-1, max-image-preview:large, max-video-preview:-1\" \/>\n<link rel=\"canonical\" href=\"https:\/\/merffrental.ee\/meist\/\" \/>\n<meta property=\"og:locale\" content=\"fi_FI\" \/>\n<meta property=\"og:type\" content=\"article\" \/>\n<meta property=\"og:title\" content=\"Ehitusettev\u00f5te ja kogemus | MERFF Rental\" \/>\n<meta property=\"og:description\" content=\"MERFF Rental on ehitusettev\u00f5te, mis pakub erinevaid ehitus- ja siseviimistlust\u00f6id. Usaldusv\u00e4\u00e4rne partner kvaliteetseks teostuseks.\" \/>\n<meta property=\"og:url\" content=\"https:\/\/merffrental.ee\/meist\/\" \/>\n<meta property=\"og:site_name\" content=\"MERFF RENTAL O\u00dc\" \/>\n<meta property=\"article:modified_time\" content=\"2026-03-20T10:02:06+00:00\" \/>\n<meta name=\"twitter:card\" content=\"summary_large_image\" \/>\n<meta name=\"twitter:label1\" content=\"Arvioitu lukuaika\" \/>\n\t<meta name=\"twitter:data1\" content=\"1 minuutti\" \/>\n<script type=\"application\/ld+json\" class=\"yoast-schema-graph\">{\"@context\":\"https:\\\/\\\/schema.org\",\"@graph\":[{\"@type\":\"WebPage\",\"@id\":\"https:\\\/\\\/merffrental.ee\\\/meist\\\/\",\"url\":\"https:\\\/\\\/merffrental.ee\\\/meist\\\/\",\"name\":\"Ehitusettev\u00f5te ja kogemus | MERFF Rental\",\"isPartOf\":{\"@id\":\"https:\\\/\\\/merffrental.ee\\\/#website\"},\"datePublished\":\"2020-04-24T08:02:15+00:00\",\"dateModified\":\"2026-03-20T10:02:06+00:00\",\"description\":\"MERFF Rental on ehitusettev\u00f5te, mis pakub erinevaid ehitus- ja siseviimistlust\u00f6id. Usaldusv\u00e4\u00e4rne partner kvaliteetseks teostuseks.\",\"breadcrumb\":{\"@id\":\"https:\\\/\\\/merffrental.ee\\\/meist\\\/#breadcrumb\"},\"inLanguage\":\"fi\",\"potentialAction\":[{\"@type\":\"ReadAction\",\"target\":[\"https:\\\/\\\/merffrental.ee\\\/meist\\\/\"]}]},{\"@type\":\"BreadcrumbList\",\"@id\":\"https:\\\/\\\/merffrental.ee\\\/meist\\\/#breadcrumb\",\"itemListElement\":[{\"@type\":\"ListItem\",\"position\":1,\"name\":\"Home\",\"item\":\"https:\\\/\\\/merffrental.ee\\\/\"},{\"@type\":\"ListItem\",\"position\":2,\"name\":\"Meist\"}]},{\"@type\":\"WebSite\",\"@id\":\"https:\\\/\\\/merffrental.ee\\\/#website\",\"url\":\"https:\\\/\\\/merffrental.ee\\\/\",\"name\":\"MERFF RENTAL O\u00dc\",\"description\":\"\",\"publisher\":{\"@id\":\"https:\\\/\\\/merffrental.ee\\\/#organization\"},\"potentialAction\":[{\"@type\":\"SearchAction\",\"target\":{\"@type\":\"EntryPoint\",\"urlTemplate\":\"https:\\\/\\\/merffrental.ee\\\/?s={search_term_string}\"},\"query-input\":{\"@type\":\"PropertyValueSpecification\",\"valueRequired\":true,\"valueName\":\"search_term_string\"}}],\"inLanguage\":\"fi\"},{\"@type\":\"Organization\",\"@id\":\"https:\\\/\\\/merffrental.ee\\\/#organization\",\"name\":\"MERFF RENTAL O\u00dc\",\"url\":\"https:\\\/\\\/merffrental.ee\\\/\",\"logo\":{\"@type\":\"ImageObject\",\"inLanguage\":\"fi\",\"@id\":\"https:\\\/\\\/merffrental.ee\\\/#\\\/schema\\\/logo\\\/image\\\/\",\"url\":\"https:\\\/\\\/merffrental.ee\\\/wp-content\\\/uploads\\\/2022\\\/12\\\/Merff_logo2.png\",\"contentUrl\":\"https:\\\/\\\/merffrental.ee\\\/wp-content\\\/uploads\\\/2022\\\/12\\\/Merff_logo2.png\",\"width\":361,\"height\":80,\"caption\":\"MERFF RENTAL O\u00dc\"},\"image\":{\"@id\":\"https:\\\/\\\/merffrental.ee\\\/#\\\/schema\\\/logo\\\/image\\\/\"}}]}<\/script>\n<!-- \/ Yoast SEO plugin. -->","yoast_head_json":{"title":"Ehitusettev\u00f5te ja kogemus | MERFF Rental","description":"MERFF Rental on ehitusettev\u00f5te, mis pakub erinevaid ehitus- ja siseviimistlust\u00f6id. Usaldusv\u00e4\u00e4rne partner kvaliteetseks teostuseks.","robots":{"index":"index","follow":"follow","max-snippet":"max-snippet:-1","max-image-preview":"max-image-preview:large","max-video-preview":"max-video-preview:-1"},"canonical":"https:\/\/merffrental.ee\/meist\/","og_locale":"fi_FI","og_type":"article","og_title":"Ehitusettev\u00f5te ja kogemus | MERFF Rental","og_description":"MERFF Rental on ehitusettev\u00f5te, mis pakub erinevaid ehitus- ja siseviimistlust\u00f6id. Usaldusv\u00e4\u00e4rne partner kvaliteetseks teostuseks.","og_url":"https:\/\/merffrental.ee\/meist\/","og_site_name":"MERFF RENTAL O\u00dc","article_modified_time":"2026-03-20T10:02:06+00:00","twitter_card":"summary_large_image","twitter_misc":{"Arvioitu lukuaika":"1 minuutti"},"schema":{"@context":"https:\/\/schema.org","@graph":[{"@type":"WebPage","@id":"https:\/\/merffrental.ee\/meist\/","url":"https:\/\/merffrental.ee\/meist\/","name":"Ehitusettev\u00f5te ja kogemus | MERFF Rental","isPartOf":{"@id":"https:\/\/merffrental.ee\/#website"},"datePublished":"2020-04-24T08:02:15+00:00","dateModified":"2026-03-20T10:02:06+00:00","description":"MERFF Rental on ehitusettev\u00f5te, mis pakub erinevaid ehitus- ja siseviimistlust\u00f6id. Usaldusv\u00e4\u00e4rne partner kvaliteetseks teostuseks.","breadcrumb":{"@id":"https:\/\/merffrental.ee\/meist\/#breadcrumb"},"inLanguage":"fi","potentialAction":[{"@type":"ReadAction","target":["https:\/\/merffrental.ee\/meist\/"]}]},{"@type":"BreadcrumbList","@id":"https:\/\/merffrental.ee\/meist\/#breadcrumb","itemListElement":[{"@type":"ListItem","position":1,"name":"Home","item":"https:\/\/merffrental.ee\/"},{"@type":"ListItem","position":2,"name":"Meist"}]},{"@type":"WebSite","@id":"https:\/\/merffrental.ee\/#website","url":"https:\/\/merffrental.ee\/","name":"MERFF RENTAL O\u00dc","description":"","publisher":{"@id":"https:\/\/merffrental.ee\/#organization"},"potentialAction":[{"@type":"SearchAction","target":{"@type":"EntryPoint","urlTemplate":"https:\/\/merffrental.ee\/?s={search_term_string}"},"query-input":{"@type":"PropertyValueSpecification","valueRequired":true,"valueName":"search_term_string"}}],"inLanguage":"fi"},{"@type":"Organization","@id":"https:\/\/merffrental.ee\/#organization","name":"MERFF RENTAL O\u00dc","url":"https:\/\/merffrental.ee\/","logo":{"@type":"ImageObject","inLanguage":"fi","@id":"https:\/\/merffrental.ee\/#\/schema\/logo\/image\/","url":"https:\/\/merffrental.ee\/wp-content\/uploads\/2022\/12\/Merff_logo2.png","contentUrl":"https:\/\/merffrental.ee\/wp-content\/uploads\/2022\/12\/Merff_logo2.png","width":361,"height":80,"caption":"MERFF RENTAL O\u00dc"},"image":{"@id":"https:\/\/merffrental.ee\/#\/schema\/logo\/image\/"}}]}},"_links":{"self":[{"href":"https:\/\/merffrental.ee\/fi\/wp-json\/wp\/v2\/pages\/132","targetHints":{"allow":["GET"]}}],"collection":[{"href":"https:\/\/merffrental.ee\/fi\/wp-json\/wp\/v2\/pages"}],"about":[{"href":"https:\/\/merffrental.ee\/fi\/wp-json\/wp\/v2\/types\/page"}],"author":[{"embeddable":true,"href":"https:\/\/merffrental.ee\/fi\/wp-json\/wp\/v2\/users\/1"}],"replies":[{"embeddable":true,"href":"https:\/\/merffrental.ee\/fi\/wp-json\/wp\/v2\/comments?post=132"}],"version-history":[{"count":5,"href":"https:\/\/merffrental.ee\/fi\/wp-json\/wp\/v2\/pages\/132\/revisions"}],"predecessor-version":[{"id":813,"href":"https:\/\/merffrental.ee\/fi\/wp-json\/wp\/v2\/pages\/132\/revisions\/813"}],"wp:attachment":[{"href":"https:\/\/merffrental.ee\/fi\/wp-json\/wp\/v2\/media?parent=132"}],"curies":[{"name":"wp","href":"https:\/\/api.w.org\/{rel}","templated":true}]}}